{"id":17214,"date":"2024-12-11T22:01:00","date_gmt":"2024-12-11T22:01:00","guid":{"rendered":"https:\/\/ai-deluxe.homes\/\/?page_id=17214"},"modified":"2025-02-26T18:58:13","modified_gmt":"2025-02-26T18:58:13","slug":"bedingungen","status":"publish","type":"page","link":"https:\/\/ai-deluxe.homes\/de\/bedingungen\/","title":{"rendered":"Allgemeine Gesch\u00e4ftsbedingungen"},"content":{"rendered":"<div data-elementor-type=\"wp-page\" data-elementor-id=\"17214\" class=\"elementor elementor-17214\">\n\t\t\t\t<div class=\"elementor-element elementor-element-cc2e3d3 e-con-full e-flex e-con e-parent\" data-id=\"cc2e3d3\" data-element_type=\"container\" data-e-type=\"container\" data-settings=\"{&quot;background_background&quot;:&quot;gradient&quot;}\">\n\t\t\t\t<div class=\"elementor-element elementor-element-60f85d4 elementor-widget elementor-widget-houzez_elementor_section_title\" data-id=\"60f85d4\" data-element_type=\"widget\" data-e-type=\"widget\" data-widget_type=\"houzez_elementor_section_title.default\">\n\t\t\t\t<div class=\"elementor-widget-container\">\n\t\t\t\t\t            <div class=\"houzez_section_title_wrap section-title-module\">\n                                    <h2 class=\"houzez_section_title\">Allgemeine Gesch\u00e4ftsbedingungen<\/h2>\n                \n                            <\/div>\n            \t\t\t\t<\/div>\n\t\t\t\t<\/div>\n\t\t\t\t<\/div>\n\t\t<div class=\"elementor-element elementor-element-445756d e-flex e-con-boxed e-con e-parent\" data-id=\"445756d\" data-element_type=\"container\" data-e-type=\"container\">\n\t\t\t\t\t<div class=\"e-con-inner\">\n\t\t\t\t<div class=\"elementor-element elementor-element-dd26b0c elementor-widget elementor-widget-houzez_elementor_space\" data-id=\"dd26b0c\" data-element_type=\"widget\" data-e-type=\"widget\" data-widget_type=\"houzez_elementor_space.default\">\n\t\t\t\t<div class=\"elementor-widget-container\">\n\t\t\t\t\t        <div class=\"houzez-spacer\">\n            <div class=\"houzez-spacer-inner\"><\/div>\n        <\/div>\n        \t\t\t\t<\/div>\n\t\t\t\t<\/div>\n\t\t\t\t\t<\/div>\n\t\t\t\t<\/div>\n\t\t<div class=\"elementor-element elementor-element-4de5427 e-flex e-con-boxed e-con e-parent\" data-id=\"4de5427\" data-element_type=\"container\" data-e-type=\"container\">\n\t\t\t\t\t<div class=\"e-con-inner\">\n\t\t\t\t<div class=\"elementor-element elementor-element-53f0e6c elementor-widget elementor-widget-text-editor\" data-id=\"53f0e6c\" data-element_type=\"widget\" data-e-type=\"widget\" data-widget_type=\"text-editor.default\">\n\t\t\t\t\t\t\t\t\t<p>AI Deluxe Homes S.hP.k.<\/p><p>Ruga Ismail Qemali, Pallati 34, Hyrja Nr. 8<\/p><p>Tirana, Republik Albanien<\/p><p>\u00a0<\/p><p><strong>Allgemeine Gesch\u00e4ftsbedingungen <\/strong><\/p><p>Diese Allgemeinen Gesch\u00e4ftsbedingungen regeln alle Beziehungen zwischen der Firma AI Deluxe Homes S.hP.k., registriert beim National Registration Center unter der Identifikationsnummer NUIS M114230190, mit Rechtssitz an der Adresse: Ruga Ismail Qemali, Pallati 34, Hyrja Nr. 8, Tirana, Albanien, und den Kunden, die sich \u00fcber albanische Immobilienangebote informieren m\u00f6chten. \u00a0<br \/>\u00a0<\/p><p>Diese Allgemeinen Gesch\u00e4ftsbedingungen gelten f\u00fcr die gesamte Website von AI Deluxe Homes. <br \/>AI Deluxe Homes beh\u00e4lt sich das Recht vor, die Allgemeinen Gesch\u00e4ftsbedingungen jederzeit zu \u00e4ndern und zu aktualisieren. Die ge\u00e4nderten\/aktualisierten Allgemeinen Gesch\u00e4ftsbedingungen werden auf der Website von AI Deluxe Homes ver\u00f6ffentlicht. AI Deluxe Homes haftet nicht f\u00fcr etwaige Viren auf der Website. Der Kunde verpflichtet sich, bei der Nutzung der Website geeignete Ger\u00e4te und Programme zu verwenden, um vor externen Angriffen (Viren, andere Websites usw.) gesch\u00fctzt zu sein. <br \/><br \/><\/p><p><strong>Eigenschaften<\/strong><\/p><p>Die Kunden werden \u00fcber die Hauptmerkmale der Immobilien auf der Website von AI Deluxe Homes informiert. Alle Informationen in Bezug auf die Beschreibungen der Immobilien, ihre Merkmale und Preise auf der Website von AI Deluxe Homes sind wahr, klar und genau. Bilder im Internet vermitteln ein anderes Einkaufserlebnis als die lokale Website. Der Kunde muss sich der Farben, Gr\u00f6\u00dfen und Formen der Immobilien bewusst sein. Die Bilder, die die Immobilien zur Unterst\u00fctzung des Textes illustrieren, sind nicht Teil der Vertragsbeziehung zwischen AI Deluxe Homes und dem Kunden. AI Deluxe Homes haftet nicht f\u00fcr Fehler bei der Abbildung der Immobilien.<br \/>AI Deluxe Homes garantiert nicht die Verf\u00fcgbarkeit aller auf der Website angezeigten Immobilien. Im Falle der Nichtverf\u00fcgbarkeit der Immobilie benachrichtigt AI Deluxe Homes den Kunden so schnell wie m\u00f6glich unter Verwendung aller Kommunikationsmittel, die AI Deluxe Homes f\u00fcr angemessen h\u00e4lt.<br \/>AI Deluxe Homes beh\u00e4lt sich das Recht vor, den Verkauf einzelner oder aller Immobilien vor\u00fcbergehend oder dauerhaft mit oder ohne Benachrichtigung einzustellen.<\/p><p>\u00a0<\/p><p>Die f\u00fcr die Immobilien angezeigten Preise beinhalten nicht die Notarkosten oder staatliche Geb\u00fchren, Steuern oder K\u00e4uferkosten. Im Falle von Tippfehlern in Bezug auf die Preise einer oder mehrerer Immobilien wird AI Deluxe Homes den Kunden \u00fcber den Fehler informieren und die Bestellung f\u00fcr die entsprechende(n) Immobilie(n) stornieren. AI Deluxe Homes beh\u00e4lt sich das Recht vor, die Preise jederzeit zu \u00e4ndern. F\u00fcr jeden Kauf von bei AI Deluxe Homes gelisteten Immobilien wird eine Rechnung erstellt.<\/p><p>\u00a0<\/p><p><strong>Datenschutz<\/strong><\/p><p>\u00a0AI Deluxe Homes verf\u00fcgt \u00fcber Informationstechnologie zur Datenverarbeitung potenzieller Kunden und f\u00fchrt in diesem Rahmen die Erhebung und Verarbeitung personenbezogener Daten im Sinne des Gesetzes 9887 vom 10.03.2008 \u201e\u00dcber den Schutz personenbezogener Daten\u201c durch. Privatsph\u00e4re und Schutz personenbezogener Daten sind Angelegenheiten von besonderer Bedeutung und AI Deluxe Homes verpflichtet sich, den gesamten Rechtsrahmen zu deren Schutz und Einhaltung strikt einzuhalten, insbesondere das Gesetz 9887 vom 10.03.2008 \u201e\u00dcber den Schutz personenbezogener Daten\u201c sowie die entsprechenden Satzungen. Der Hauptzweck der Verarbeitung personenbezogener Daten besteht darin, die Informationskommunikation zwischen dem Kunden und AI Deluxe Homes zu erm\u00f6glichen, die f\u00fcr den Kunden von Interesse sein und dessen Erwartungen am besten entsprechen k\u00f6nnten. AI Deluxe Homes holt die vorherige Zustimmung des Kunden in Bezug auf die \u00dcbermittlung von Immobilienangeboten an die pers\u00f6nliche Telefonnummer des Kunden ein. Der Kunde hat das Recht, die \u00dcbermittlung von Werbeangeboten von AI Deluxe Homes jederzeit und kostenlos abzulehnen. Personenbezogene Daten werden von AI Deluxe Homes zur Sicherstellung des Service gespeichert und k\u00f6nnen nur nach vorheriger Zustimmung des Kunden an Gesch\u00e4ftspartner von AI Deluxe Homes weitergegeben werden. AI Deluxe Homes beh\u00e4lt sich das Recht vor, Daten nur an seine Subunternehmer weiterzugeben, die sich m\u00f6glicherweise au\u00dferhalb Albaniens befinden, und zwar unter Einhaltung der geltenden gesetzlichen Bestimmungen zur \u00dcbermittlung personenbezogener Daten. Mit diesen Subunternehmern geht AI Deluxe Homes vertragliche Beziehungen ein, um die Anwendung aller Sicherheitsma\u00dfnahmen zum Schutz und zur Vertraulichkeit personenbezogener Daten sicherzustellen. AI Deluxe Homes speichert die personenbezogenen Daten von Kunden, die die Website von AI Deluxe Homes besuchen, f\u00fcr einen Zeitraum von zwei Jahren ab dem letzten Besuch des Kunden auf der Website von AI Deluxe Homes, au\u00dfer im Falle von Streitigkeiten zwischen dem Kunden und AI Deluxe Homes in Bezug auf die durchgef\u00fchrten Transaktionen, in welchem Fall die Aufbewahrungsfrist verl\u00e4ngert werden kann. <br \/><br \/><\/p><p><strong>Geistiges Eigentumsrecht<\/strong><\/p><p>Diese Website ist die offizielle Website von AI Deluxe Homes. Alle darin verwendeten Elemente, einschlie\u00dflich visueller oder akustischer Elemente, einschlie\u00dflich der Basistechnologie, sind durch Urheberrechte, Markenrechte oder Patente gesch\u00fctzt. Sie sind das ausschlie\u00dfliche Eigentum der Firma AI Deluxe Homes Sh.PK. Diese Website wird unter den hierin ausdr\u00fccklich festgelegten allgemeinen Gesch\u00e4ftsbedingungen verwendet. Der Kunde hat das Recht, diese Website ausschlie\u00dflich f\u00fcr seinen pers\u00f6nlichen Gebrauch zu verwenden. Jegliches Kopieren und unbefugte Verwenden von Elementen dieser Website ist untersagt. Dem Kunden ist die Verwendung von Hypertext-Links, die auf die Website von AI Deluxe Homes weiterleiten, sowie die Verwendung von Framing- oder Deep-Linking-Techniken untersagt. <br \/><br \/><br \/><\/p><p><strong>Zust\u00e4ndigkeit<\/strong><br \/>Diese Allgemeinen Gesch\u00e4ftsbedingungen unterliegen dem Recht der Republik Albanien und werden in \u00dcbereinstimmung mit diesem ausgelegt. Alle Streitigkeiten, die zwischen AI Deluxe Homes und dem Kunden im Zusammenhang mit diesen Allgemeinen Gesch\u00e4ftsbedingungen entstehen, werden vom Bezirksgericht Tirana beigelegt.<\/p><p>\u00a0<\/p><p><strong>Dieses Portal verwendet Cookies zur Optimierung der Browserfunktion. Informieren Sie sich, wie wir Cookies verwenden und wie Sie Ihre Einstellungen \u00e4ndern k\u00f6nnen.<\/strong><\/p><p>Ein Cookie ist eine kleine Datei, die um Erlaubnis bittet, auf der Festplatte Ihres Computers abgelegt zu werden. Sobald Sie zustimmen, wird die Datei hinzugef\u00fcgt und das Cookie hilft bei der Analyse des Webverkehrs oder informiert Sie, wenn Sie eine bestimmte Site besuchen. Cookies erm\u00f6glichen es Webanwendungen, auf Sie als Einzelperson zu reagieren. Die Webanwendung kann ihre Vorg\u00e4nge an Ihre Bed\u00fcrfnisse, Vorlieben und Abneigungen anpassen, indem sie Informationen \u00fcber Ihre Pr\u00e4ferenzen sammelt und speichert. Wir verwenden Verkehrsprotokoll-Cookies, um zu identifizieren, welche Seiten verwendet werden. Dies hilft uns, Daten \u00fcber den Webseitenverkehr zu analysieren und unsere Website zu verbessern, um sie an die Kundenbed\u00fcrfnisse anzupassen. Wir verwenden diese Informationen nur f\u00fcr statistische Analysezwecke und dann werden die Daten aus dem System entfernt. Insgesamt helfen uns Cookies, Ihre Erfahrung auf unserer Website zu verbessern, indem sie es uns erm\u00f6glichen, zu \u00fcberwachen, welche Seiten Sie n\u00fctzlich finden und welche nicht. Ein Cookie gibt uns in keiner Weise Zugriff auf Ihren Computer oder irgendwelche Informationen \u00fcber Sie, au\u00dfer den Daten, die Sie mit uns teilen m\u00f6chten. Unser Unternehmen verwendet diese Cookies, damit wir Sie auf der Website wiedererkennen und uns Ihre zuvor ausgew\u00e4hlten Pr\u00e4ferenzen merken. Dazu k\u00f6nnen Ihre bevorzugte Sprache und Ihr Standort geh\u00f6ren. Au\u00dferdem verwenden wir diese Cookies, um Informationen \u00fcber Ihren Besuch auf unserer Website und die von Ihnen angesehenen Inhalte zu sammeln. Wir k\u00f6nnen die folgenden Informationen sammeln: Vor- und Nachname, Kontaktinformationen wie E-Mail-Adresse, Telefonnummern, demografische Informationen wie Land, Region, Stadt, Hausadresse, Postleitzahl, Vorlieben und Interessen, andere f\u00fcr Kundenbefragungen und\/oder Angebote relevante Informationen.<\/p>\t\t\t\t\t\t\t\t<\/div>\n\t\t\t\t\t<\/div>\n\t\t\t\t<\/div>\n\t\t<div class=\"elementor-element elementor-element-f4718fd e-flex e-con-boxed e-con e-parent\" data-id=\"f4718fd\" data-element_type=\"container\" data-e-type=\"container\">\n\t\t\t\t\t<div class=\"e-con-inner\">\n\t\t\t\t<div class=\"elementor-element elementor-element-b0212d0 elementor-widget elementor-widget-houzez_elementor_space\" data-id=\"b0212d0\" data-element_type=\"widget\" data-e-type=\"widget\" data-widget_type=\"houzez_elementor_space.default\">\n\t\t\t\t<div class=\"elementor-widget-container\">\n\t\t\t\t\t        <div class=\"houzez-spacer\">\n            <div class=\"houzez-spacer-inner\"><\/div>\n        <\/div>\n        \t\t\t\t<\/div>\n\t\t\t\t<\/div>\n\t\t\t\t\t<\/div>\n\t\t\t\t<\/div>\n\t\t\t\t<\/div>","protected":false},"excerpt":{"rendered":"<p>Terms &#038; Conditions AI Deluxe Homes S.hP.k. Ruga Ismail Qemali, Pallati 34, Hyrja Nr. 8 Tirana, Republic of Albania \u00a0 General Terms &amp; Conditions These general terms and conditions govern all the relations between the company AI Deluxe Homes S.hP.k., registered with the National Registration Center, with the identification number NUIS M114230190, with legal seat [&hellip;]<\/p>\n","protected":false},"author":1,"featured_media":17471,"parent":0,"menu_order":0,"comment_status":"closed","ping_status":"closed","template":"template\/template-homepage.php","meta":{"footnotes":""},"class_list":["post-17214","page","type-page","status-publish","has-post-thumbnail","hentry"],"yoast_head":"<!-- This site is optimized with the Yoast SEO plugin v27.5 - https:\/\/yoast.com\/product\/yoast-seo-wordpress\/ -->\n<title>Terms &amp; Conditions - AI Deluxe<\/title>\n<meta name=\"description\" content=\"Whether you\u2019re looking to find your dream home or invest in lucrative properties, our experienced team is here to assist you every step of the way.\" \/>\n<meta name=\"robots\" content=\"index, follow, max-snippet:-1, max-image-preview:large, max-video-preview:-1\" \/>\n<link rel=\"canonical\" href=\"https:\/\/ai-deluxe.homes\/de\/bedingungen\/\" \/>\n<meta property=\"og:locale\" content=\"de_DE\" \/>\n<meta property=\"og:type\" content=\"article\" \/>\n<meta property=\"og:title\" content=\"Terms &amp; Conditions - AI Deluxe\" \/>\n<meta property=\"og:description\" content=\"Whether you\u2019re looking to find your dream home or invest in lucrative properties, our experienced team is here to assist you every step of the way.\" \/>\n<meta property=\"og:url\" content=\"https:\/\/ai-deluxe.homes\/de\/bedingungen\/\" \/>\n<meta property=\"og:site_name\" content=\"AI Deluxe\" \/>\n<meta property=\"article:modified_time\" content=\"2025-02-26T18:58:13+00:00\" \/>\n<meta property=\"og:image\" content=\"https:\/\/ai-deluxe.homes\/wp-content\/uploads\/2024\/12\/a4.jpg\" \/>\n\t<meta property=\"og:image:width\" content=\"500\" \/>\n\t<meta property=\"og:image:height\" content=\"500\" \/>\n\t<meta property=\"og:image:type\" content=\"image\/jpeg\" \/>\n<meta name=\"twitter:card\" content=\"summary_large_image\" \/>\n<meta name=\"twitter:label1\" content=\"Gesch\u00e4tzte Lesezeit\" \/>\n\t<meta name=\"twitter:data1\" content=\"6\u00a0Minuten\" \/>\n<script type=\"application\/ld+json\" class=\"yoast-schema-graph\">{\"@context\":\"https:\\\/\\\/schema.org\",\"@graph\":[{\"@type\":\"WebPage\",\"@id\":\"https:\\\/\\\/ai-deluxe.homes\\\/terms\\\/\",\"url\":\"https:\\\/\\\/ai-deluxe.homes\\\/terms\\\/\",\"name\":\"Terms & Conditions - AI Deluxe\",\"isPartOf\":{\"@id\":\"https:\\\/\\\/ai-deluxe.homes\\\/#website\"},\"primaryImageOfPage\":{\"@id\":\"https:\\\/\\\/ai-deluxe.homes\\\/terms\\\/#primaryimage\"},\"image\":{\"@id\":\"https:\\\/\\\/ai-deluxe.homes\\\/terms\\\/#primaryimage\"},\"thumbnailUrl\":\"https:\\\/\\\/ai-deluxe.homes\\\/wp-content\\\/uploads\\\/2024\\\/12\\\/a4.jpg\",\"datePublished\":\"2024-12-11T22:01:00+00:00\",\"dateModified\":\"2025-02-26T18:58:13+00:00\",\"description\":\"Whether you\u2019re looking to find your dream home or invest in lucrative properties, our experienced team is here to assist you every step of the way.\",\"breadcrumb\":{\"@id\":\"https:\\\/\\\/ai-deluxe.homes\\\/terms\\\/#breadcrumb\"},\"inLanguage\":\"de\",\"potentialAction\":[{\"@type\":\"ReadAction\",\"target\":[\"https:\\\/\\\/ai-deluxe.homes\\\/terms\\\/\"]}]},{\"@type\":\"ImageObject\",\"inLanguage\":\"de\",\"@id\":\"https:\\\/\\\/ai-deluxe.homes\\\/terms\\\/#primaryimage\",\"url\":\"https:\\\/\\\/ai-deluxe.homes\\\/wp-content\\\/uploads\\\/2024\\\/12\\\/a4.jpg\",\"contentUrl\":\"https:\\\/\\\/ai-deluxe.homes\\\/wp-content\\\/uploads\\\/2024\\\/12\\\/a4.jpg\",\"width\":500,\"height\":500},{\"@type\":\"BreadcrumbList\",\"@id\":\"https:\\\/\\\/ai-deluxe.homes\\\/terms\\\/#breadcrumb\",\"itemListElement\":[{\"@type\":\"ListItem\",\"position\":1,\"name\":\"Home\",\"item\":\"https:\\\/\\\/ai-deluxe.homes\\\/\"},{\"@type\":\"ListItem\",\"position\":2,\"name\":\"Terms &#038; Conditions\"}]},{\"@type\":\"WebSite\",\"@id\":\"https:\\\/\\\/ai-deluxe.homes\\\/#website\",\"url\":\"https:\\\/\\\/ai-deluxe.homes\\\/\",\"name\":\"AI Deluxe\",\"description\":\"\",\"publisher\":{\"@id\":\"https:\\\/\\\/ai-deluxe.homes\\\/#organization\"},\"potentialAction\":[{\"@type\":\"SearchAction\",\"target\":{\"@type\":\"EntryPoint\",\"urlTemplate\":\"https:\\\/\\\/ai-deluxe.homes\\\/?s={search_term_string}\"},\"query-input\":{\"@type\":\"PropertyValueSpecification\",\"valueRequired\":true,\"valueName\":\"search_term_string\"}}],\"inLanguage\":\"de\"},{\"@type\":\"Organization\",\"@id\":\"https:\\\/\\\/ai-deluxe.homes\\\/#organization\",\"name\":\"AI Deluxe\",\"url\":\"https:\\\/\\\/ai-deluxe.homes\\\/\",\"logo\":{\"@type\":\"ImageObject\",\"inLanguage\":\"de\",\"@id\":\"https:\\\/\\\/ai-deluxe.homes\\\/#\\\/schema\\\/logo\\\/image\\\/\",\"url\":\"https:\\\/\\\/ai-deluxe.homes\\\/wp-content\\\/uploads\\\/2024\\\/12\\\/llogo-shkrimx7.png\",\"contentUrl\":\"https:\\\/\\\/ai-deluxe.homes\\\/wp-content\\\/uploads\\\/2024\\\/12\\\/llogo-shkrimx7.png\",\"width\":889,\"height\":168,\"caption\":\"AI Deluxe\"},\"image\":{\"@id\":\"https:\\\/\\\/ai-deluxe.homes\\\/#\\\/schema\\\/logo\\\/image\\\/\"},\"sameAs\":[\"https:\\\/\\\/www.instagram.com\\\/aideluxe.homes\"]}]}<\/script>\n<!-- \/ Yoast SEO plugin. -->","yoast_head_json":{"title":"Allgemeine Gesch\u00e4ftsbedingungen - AI Deluxe","description":"Egal, ob Sie Ihr Traumhaus finden oder in lukrative Immobilien investieren m\u00f6chten, unser erfahrenes Team steht Ihnen bei jedem Schritt zur Seite.","robots":{"index":"index","follow":"follow","max-snippet":"max-snippet:-1","max-image-preview":"max-image-preview:large","max-video-preview":"max-video-preview:-1"},"canonical":"https:\/\/ai-deluxe.homes\/de\/bedingungen\/","og_locale":"de_DE","og_type":"article","og_title":"Terms & Conditions - AI Deluxe","og_description":"Whether you\u2019re looking to find your dream home or invest in lucrative properties, our experienced team is here to assist you every step of the way.","og_url":"https:\/\/ai-deluxe.homes\/de\/bedingungen\/","og_site_name":"AI Deluxe","article_modified_time":"2025-02-26T18:58:13+00:00","og_image":[{"width":500,"height":500,"url":"https:\/\/ai-deluxe.homes\/wp-content\/uploads\/2024\/12\/a4.jpg","type":"image\/jpeg"}],"twitter_card":"summary_large_image","twitter_misc":{"Gesch\u00e4tzte Lesezeit":"6\u00a0Minuten"},"schema":{"@context":"https:\/\/schema.org","@graph":[{"@type":"WebPage","@id":"https:\/\/ai-deluxe.homes\/terms\/","url":"https:\/\/ai-deluxe.homes\/terms\/","name":"Allgemeine Gesch\u00e4ftsbedingungen - AI Deluxe","isPartOf":{"@id":"https:\/\/ai-deluxe.homes\/#website"},"primaryImageOfPage":{"@id":"https:\/\/ai-deluxe.homes\/terms\/#primaryimage"},"image":{"@id":"https:\/\/ai-deluxe.homes\/terms\/#primaryimage"},"thumbnailUrl":"https:\/\/ai-deluxe.homes\/wp-content\/uploads\/2024\/12\/a4.jpg","datePublished":"2024-12-11T22:01:00+00:00","dateModified":"2025-02-26T18:58:13+00:00","description":"Egal, ob Sie Ihr Traumhaus finden oder in lukrative Immobilien investieren m\u00f6chten, unser erfahrenes Team steht Ihnen bei jedem Schritt zur Seite.","breadcrumb":{"@id":"https:\/\/ai-deluxe.homes\/terms\/#breadcrumb"},"inLanguage":"de","potentialAction":[{"@type":"ReadAction","target":["https:\/\/ai-deluxe.homes\/terms\/"]}]},{"@type":"ImageObject","inLanguage":"de","@id":"https:\/\/ai-deluxe.homes\/terms\/#primaryimage","url":"https:\/\/ai-deluxe.homes\/wp-content\/uploads\/2024\/12\/a4.jpg","contentUrl":"https:\/\/ai-deluxe.homes\/wp-content\/uploads\/2024\/12\/a4.jpg","width":500,"height":500},{"@type":"BreadcrumbList","@id":"https:\/\/ai-deluxe.homes\/terms\/#breadcrumb","itemListElement":[{"@type":"ListItem","position":1,"name":"Home","item":"https:\/\/ai-deluxe.homes\/"},{"@type":"ListItem","position":2,"name":"Terms &#038; Conditions"}]},{"@type":"WebSite","@id":"https:\/\/ai-deluxe.homes\/#website","url":"https:\/\/ai-deluxe.homes\/","name":"AI Deluxe","description":"","publisher":{"@id":"https:\/\/ai-deluxe.homes\/#organization"},"potentialAction":[{"@type":"SearchAction","target":{"@type":"EntryPoint","urlTemplate":"https:\/\/ai-deluxe.homes\/?s={search_term_string}"},"query-input":{"@type":"PropertyValueSpecification","valueRequired":true,"valueName":"search_term_string"}}],"inLanguage":"de"},{"@type":"Organization","@id":"https:\/\/ai-deluxe.homes\/#organization","name":"AI Deluxe","url":"https:\/\/ai-deluxe.homes\/","logo":{"@type":"ImageObject","inLanguage":"de","@id":"https:\/\/ai-deluxe.homes\/#\/schema\/logo\/image\/","url":"https:\/\/ai-deluxe.homes\/wp-content\/uploads\/2024\/12\/llogo-shkrimx7.png","contentUrl":"https:\/\/ai-deluxe.homes\/wp-content\/uploads\/2024\/12\/llogo-shkrimx7.png","width":889,"height":168,"caption":"AI Deluxe"},"image":{"@id":"https:\/\/ai-deluxe.homes\/#\/schema\/logo\/image\/"},"sameAs":["https:\/\/www.instagram.com\/aideluxe.homes"]}]}},"_links":{"self":[{"href":"https:\/\/ai-deluxe.homes\/de\/wp-json\/wp\/v2\/pages\/17214","targetHints":{"allow":["GET"]}}],"collection":[{"href":"https:\/\/ai-deluxe.homes\/de\/wp-json\/wp\/v2\/pages"}],"about":[{"href":"https:\/\/ai-deluxe.homes\/de\/wp-json\/wp\/v2\/types\/page"}],"author":[{"embeddable":true,"href":"https:\/\/ai-deluxe.homes\/de\/wp-json\/wp\/v2\/users\/1"}],"replies":[{"embeddable":true,"href":"https:\/\/ai-deluxe.homes\/de\/wp-json\/wp\/v2\/comments?post=17214"}],"version-history":[{"count":23,"href":"https:\/\/ai-deluxe.homes\/de\/wp-json\/wp\/v2\/pages\/17214\/revisions"}],"predecessor-version":[{"id":18162,"href":"https:\/\/ai-deluxe.homes\/de\/wp-json\/wp\/v2\/pages\/17214\/revisions\/18162"}],"wp:featuredmedia":[{"embeddable":true,"href":"https:\/\/ai-deluxe.homes\/de\/wp-json\/wp\/v2\/media\/17471"}],"wp:attachment":[{"href":"https:\/\/ai-deluxe.homes\/de\/wp-json\/wp\/v2\/media?parent=17214"}],"curies":[{"name":"wp","href":"https:\/\/api.w.org\/{rel}","templated":true}]}}