{"id":17214,"date":"2024-12-11T22:01:00","date_gmt":"2024-12-11T22:01:00","guid":{"rendered":"https:\/\/ai-deluxe.homes\/\/?page_id=17214"},"modified":"2025-02-26T18:58:13","modified_gmt":"2025-02-26T18:58:13","slug":"kushtet","status":"publish","type":"page","link":"https:\/\/ai-deluxe.homes\/sq\/kushtet\/","title":{"rendered":"Termat &amp; Kushtet"},"content":{"rendered":"<div data-elementor-type=\"wp-page\" data-elementor-id=\"17214\" class=\"elementor elementor-17214\">\n\t\t\t\t<div class=\"elementor-element elementor-element-cc2e3d3 e-con-full e-flex e-con e-parent\" data-id=\"cc2e3d3\" data-element_type=\"container\" data-e-type=\"container\" data-settings=\"{&quot;background_background&quot;:&quot;gradient&quot;}\">\n\t\t\t\t<div class=\"elementor-element elementor-element-60f85d4 elementor-widget elementor-widget-houzez_elementor_section_title\" data-id=\"60f85d4\" data-element_type=\"widget\" data-e-type=\"widget\" data-widget_type=\"houzez_elementor_section_title.default\">\n\t\t\t\t<div class=\"elementor-widget-container\">\n\t\t\t\t\t            <div class=\"houzez_section_title_wrap section-title-module\">\n                                    <h2 class=\"houzez_section_title\">Termat &amp; Kushtet<\/h2>\n                \n                            <\/div>\n            \t\t\t\t<\/div>\n\t\t\t\t<\/div>\n\t\t\t\t<\/div>\n\t\t<div class=\"elementor-element elementor-element-445756d e-flex e-con-boxed e-con e-parent\" data-id=\"445756d\" data-element_type=\"container\" data-e-type=\"container\">\n\t\t\t\t\t<div class=\"e-con-inner\">\n\t\t\t\t<div class=\"elementor-element elementor-element-dd26b0c elementor-widget elementor-widget-houzez_elementor_space\" data-id=\"dd26b0c\" data-element_type=\"widget\" data-e-type=\"widget\" data-widget_type=\"houzez_elementor_space.default\">\n\t\t\t\t<div class=\"elementor-widget-container\">\n\t\t\t\t\t        <div class=\"houzez-spacer\">\n            <div class=\"houzez-spacer-inner\"><\/div>\n        <\/div>\n        \t\t\t\t<\/div>\n\t\t\t\t<\/div>\n\t\t\t\t\t<\/div>\n\t\t\t\t<\/div>\n\t\t<div class=\"elementor-element elementor-element-4de5427 e-flex e-con-boxed e-con e-parent\" data-id=\"4de5427\" data-element_type=\"container\" data-e-type=\"container\">\n\t\t\t\t\t<div class=\"e-con-inner\">\n\t\t\t\t<div class=\"elementor-element elementor-element-53f0e6c elementor-widget elementor-widget-text-editor\" data-id=\"53f0e6c\" data-element_type=\"widget\" data-e-type=\"widget\" data-widget_type=\"text-editor.default\">\n\t\t\t\t\t\t\t\t\t<p>AI Deluxe Homes S.hP.k.<\/p><p>Ruga Ismail Qemali, Pallati 34, Hyrja Nr. 8<\/p><p>Tiran\u00eb, Republika e Shqip\u00ebris\u00eb<\/p><p>\u00a0<\/p><p><strong>Termat &amp; Kushtet e P\u00ebrgjithshme <\/strong><\/p><p>K\u00ebto kushte t\u00eb p\u00ebrgjithshme rregullojn\u00eb t\u00eb gjitha marr\u00ebdh\u00ebniet nd\u00ebrmjet shoq\u00ebris\u00eb AI Deluxe Homes S.hP.k., e regjistruar n\u00eb Qendr\u00ebn Komb\u00ebtare t\u00eb Regjistrimit, me num\u00ebr identifikimi NUIS M114230190, me seli ligjore n\u00eb adres\u00ebn: Ruga Ismail Qemali, Pallati 34, Hyrja Nr. 8, Tirane, Shqiperi, dhe klientet qe deshirojne te informohen per ofertat e pronave te paluajtshme shqiptare. \u00a0<br \/>\u00a0<\/p><p>K\u00ebto Kushte dhe Kushte t\u00eb P\u00ebrgjithshme zbatohen p\u00ebr t\u00eb gjith\u00eb faqen e internetit t\u00eb AI Deluxe Homes. <br \/>AI Deluxe Homes rezervon t\u00eb drejt\u00ebn t\u00eb ndryshoj\u00eb dhe p\u00ebrdit\u00ebsoj\u00eb Termat dhe Kushtet e P\u00ebrgjithshme n\u00eb \u00e7do koh\u00eb. Termat dhe Kushtet e P\u00ebrgjithshme t\u00eb ndryshuara\/p\u00ebrdit\u00ebsuara do t\u00eb publikohen n\u00eb faqen e internetit t\u00eb AI Deluxe Homes. AI Deluxe Homes nuk do t\u00eb jet\u00eb p\u00ebrgjegj\u00ebse p\u00ebr ndonj\u00eb virus q\u00eb mund t\u00eb p\u00ebrmbaj\u00eb faqja e internetit. Klienti merr p\u00ebrsip\u00ebr t\u00eb p\u00ebrdor\u00eb pajisjet dhe programet e duhura p\u00ebr t&#039;u mbrojtur nga sulmet e jashtme (virus, faqe t\u00eb ndryshme etj.) p\u00ebr t\u00eb p\u00ebrdorur faqen e internetit. <br \/><br \/><\/p><p><strong>Vetit\u00eb<\/strong><\/p><p>Klient\u00ebt jan\u00eb t\u00eb informuar n\u00eb lidhje me karakteristikat kryesore t\u00eb pronave n\u00eb faqen e internetit t\u00eb AI Deluxe Homes. \u00c7do informacion n\u00eb lidhje me p\u00ebrshkrimet e pronave, karakteristikat dhe \u00e7mimet e tyre t\u00eb vendosura n\u00eb faqen e internetit t\u00eb AI Deluxe Homes \u00ebsht\u00eb i v\u00ebrtet\u00eb, i qart\u00eb dhe i sakt\u00eb.  Fotografit\u00eb e internetit ofrojn\u00eb nj\u00eb p\u00ebrvoj\u00eb t\u00eb ndryshme t\u00eb blerjes nga faqja lokale. Klienti duhet t\u00eb jet\u00eb i vet\u00ebdijsh\u00ebm p\u00ebr ngjyr\u00ebn, p\u00ebrmasat dhe format e pronave. Fotografit\u00eb q\u00eb ilustrojn\u00eb pronat, n\u00eb mb\u00ebshtetje t\u00eb tekstit, nuk jan\u00eb pjes\u00eb e marr\u00ebdh\u00ebnies kontraktuale midis AI Deluxe Homes dhe Klientit. AI Deluxe Homes nuk mban p\u00ebrgjegj\u00ebsi n\u00eb rast t\u00eb ndonj\u00eb gabimi n\u00eb ilustrimin e pronave.<br \/>AI Deluxe Homes nuk garanton disponueshm\u00ebrin\u00eb e t\u00eb gjitha pronave q\u00eb shfaqen n\u00eb faqen e internetit. N\u00eb rast t\u00eb padisponueshm\u00ebris\u00eb s\u00eb pron\u00ebs, AI Deluxe Homes do t\u00eb njoftoj\u00eb Klientin sa m\u00eb shpejt t\u00eb jet\u00eb e mundur, duke p\u00ebrdorur \u00e7do mjet komunikimi q\u00eb e gjykon t\u00eb p\u00ebrshtatsh\u00ebm.<br \/>AI Deluxe Homes rezervon t\u00eb drejt\u00ebn t\u00eb nd\u00ebrpres\u00eb shitjen e nj\u00eb ose t\u00eb t\u00eb gjitha pronave, p\u00ebrkoh\u00ebsisht ose p\u00ebrgjithmon\u00eb me ose pa paralajm\u00ebrim.<\/p><p>\u00a0<\/p><p>\u00c7mimet e shfaqura p\u00ebr pronat nuk p\u00ebrfshijn\u00eb koston e noterit ose tarifat, taksat ose kostot e bler\u00ebsve t\u00eb lidhura me shtetin.  N\u00eb rast t\u00eb ndonj\u00eb gabimi tipografik n\u00eb lidhje me \u00e7mimet e nj\u00eb ose disa pronave, AI Deluxe Homes do t&#039;i njoftoj\u00eb Klientin gabimin dhe do t\u00eb anuloj\u00eb porosin\u00eb p\u00ebr pron\u00ebn ose pronat p\u00ebrkat\u00ebse. AI Deluxe Homes rezervon t\u00eb drejt\u00ebn t\u00eb ndryshoj\u00eb \u00e7mimet n\u00eb \u00e7do koh\u00eb. Krijohet nj\u00eb fatur\u00eb p\u00ebr \u00e7do blerje t\u00eb pronave t\u00eb listuara me AI Deluxe Homes.<\/p><p>\u00a0<\/p><p><strong>Mbrojtja e privat\u00ebsis\u00eb<\/strong><\/p><p>\u00a0AI Deluxe Homes ka n\u00eb dispozicion mjete teknologjike informacioni p\u00ebr p\u00ebrpunimin e t\u00eb dh\u00ebnave t\u00eb klient\u00ebve t\u00eb mundsh\u00ebm dhe n\u00eb k\u00ebt\u00eb kuad\u00ebr kryen mbledhjen dhe p\u00ebrpunimin e t\u00eb dh\u00ebnave personale, n\u00eb kuptim t\u00eb ligjit 9887, dat\u00eb 10.03.2008 \u201cP\u00ebr mbrojtjen e t\u00eb dh\u00ebnave personale\u201d. Privat\u00ebsia dhe mbrojtja e t\u00eb dh\u00ebnave personale jan\u00eb \u00e7\u00ebshtje t\u00eb nj\u00eb r\u00ebnd\u00ebsie t\u00eb ve\u00e7ant\u00eb dhe AI Deluxe Homes angazhohet t\u00eb respektoj\u00eb me rigorozitet t\u00eb gjith\u00eb kuadrin ligjor p\u00ebr mbrojtjen dhe respektimin e tyre, ve\u00e7an\u00ebrisht Ligjin 9887, dat\u00eb 10.03.2008 \u201cP\u00ebr mbrojtjen e t\u00eb dh\u00ebnave personale\u201d, si dhe t\u00eb tij. aktet n\u00ebnligjore p\u00ebrkat\u00ebse. Q\u00ebllimi kryesor i p\u00ebrpunimit t\u00eb t\u00eb dh\u00ebnave personale \u00ebsht\u00eb t\u00eb lejoj\u00eb komunikimin e informacionit midis Klientit dhe AI Deluxe Homes q\u00eb mund t\u00eb interesojn\u00eb klientin dhe t\u00eb p\u00ebrmbushin m\u00eb s\u00eb miri pritshm\u00ebrit\u00eb e k\u00ebtij t\u00eb fundit. AI Deluxe Homes merr p\u00eblqimin paraprak t\u00eb Klientit n\u00eb lidhje me komunikimin e ofertave t\u00eb pronave n\u00eb numrin personal t\u00eb telefonit t\u00eb klientit. Klienti ka t\u00eb drejt\u00eb, n\u00eb \u00e7do koh\u00eb dhe pa pages\u00eb, t\u00eb refuzoj\u00eb komunikimin e ofertave promocionale nga AI Deluxe Homes. T\u00eb dh\u00ebnat personale ruhen nga AI Deluxe Homes p\u00ebr t\u00eb siguruar sh\u00ebrbimin dhe mund t&#039;u zbulohen partner\u00ebve t\u00eb biznesit t\u00eb AI Deluxe Homes, vet\u00ebm me p\u00eblqimin paraprak t\u00eb Klientit. AI Deluxe Homes rezervon t\u00eb drejt\u00ebn p\u00ebr t\u00eb transferuar t\u00eb dh\u00ebna vet\u00ebm p\u00ebr n\u00ebnkontraktor\u00ebt e saj, t\u00eb cil\u00ebt mund t\u00eb ndodhen jasht\u00eb Shqip\u00ebris\u00eb, n\u00eb p\u00ebrputhje me dispozitat e legjislacionit n\u00eb fuqi lidhur me transferimin e t\u00eb dh\u00ebnave personale dhe hyn n\u00eb marr\u00ebdh\u00ebnie kontraktuale me n\u00ebnkontraktor\u00eb t\u00eb till\u00eb p\u00ebr t\u00eb siguruar zbatimin e t\u00eb gjitha masat e siguris\u00eb p\u00ebr mbrojtjen e t\u00eb dh\u00ebnave personale dhe konfidencialitetin. AI Deluxe Homes do t\u00eb ruaj\u00eb t\u00eb dh\u00ebnat personale t\u00eb klient\u00ebve q\u00eb vizitojn\u00eb faqen e internetit t\u00eb AI Deluxe Homes p\u00ebr nj\u00eb periudh\u00eb prej dy vjet\u00ebsh nga vizita e fundit e Klientit n\u00eb faqen e internetit t\u00eb AI Deluxe Homes, me p\u00ebrjashtim t\u00eb rastit t\u00eb ndonj\u00eb mosmarr\u00ebveshjeje midis Klientit dhe AI Deluxe Homes n\u00eb lidhje me transaksionet e kryera, me \u00e7&#039;rast periudha e mbajtjes mund t\u00eb zgjatet. <br \/><br \/><\/p><p><strong>T\u00eb drejtat e pron\u00ebsis\u00eb intelektuale<\/strong><\/p><p>Kjo faqe interneti \u00ebsht\u00eb faqja zyrtare e AI Deluxe Homes. T\u00eb gjith\u00eb element\u00ebt e p\u00ebrdorur n\u00eb t\u00eb, p\u00ebrfshir\u00eb element\u00ebt vizual\u00eb ose zanor\u00eb, p\u00ebrfshir\u00eb teknologjin\u00eb baz\u00eb, mbrohen nga t\u00eb drejtat e autorit, marka tregtare ose patenta. Ato jan\u00eb n\u00ebn pron\u00ebsin\u00eb ekskluzive t\u00eb kompanis\u00eb AI Deluxe Homes Sh.PK Kjo faqe interneti p\u00ebrdoret sipas termave dhe kushteve t\u00eb p\u00ebrgjithshme si\u00e7 p\u00ebrcaktohen n\u00eb m\u00ebnyr\u00eb eksplicite k\u00ebtu. Klienti ka t\u00eb drejt\u00eb t\u00eb p\u00ebrdor\u00eb k\u00ebt\u00eb faqe interneti vet\u00ebm p\u00ebr p\u00ebrdorimin e tij personal dhe \u00e7do kopjim, p\u00ebrdorim i paautorizuar i elementeve t\u00eb k\u00ebsaj faqe interneti \u00ebsht\u00eb i ndaluar. Klientit i ndalohet t\u00eb p\u00ebrdor\u00eb lidhje hiperteksti q\u00eb ridrejtojn\u00eb n\u00eb faqen e internetit t\u00eb AI Deluxe Homes; si dhe atij i ndalohet p\u00ebrdorimi i teknikave t\u00eb inkuadrimit ose lidhjes s\u00eb thell\u00eb. <br \/><br \/><br \/><\/p><p><strong>Juridiksioni<\/strong><br \/>K\u00ebto Kushte dhe Kushte t\u00eb P\u00ebrgjithshme rregullohen dhe interpretohen n\u00eb p\u00ebrputhje me legjislacionin e Republik\u00ebs s\u00eb Shqip\u00ebris\u00eb. \u00c7do mosmarr\u00ebveshje q\u00eb mund t\u00eb lind\u00eb midis AI Deluxe Homes dhe Klientit n\u00eb lidhje me k\u00ebto Kushte dhe Kushte t\u00eb P\u00ebrgjithshme, do t\u00eb zgjidhet nga Gjykata e Rrethit Tiran\u00eb.<\/p><p>\u00a0<\/p><p><strong>Biskota<\/strong><\/p><p>Nj\u00eb cookie \u00ebsht\u00eb nj\u00eb skedar i vog\u00ebl q\u00eb k\u00ebrkon leje p\u00ebr t&#039;u vendosur n\u00eb hard diskun e kompjuterit tuaj. Pasi t\u00eb jeni dakord, skedari shtohet dhe cookie-ja ndihmon n\u00eb analizimin e trafikut t\u00eb internetit ose ju b\u00ebn t\u00eb ditur kur vizitoni nj\u00eb sajt t\u00eb caktuar. Cookies lejojn\u00eb q\u00eb aplikacionet e uebit t&#039;ju p\u00ebrgjigjen juve si individ. Aplikacioni ueb mund t&#039;i p\u00ebrshtat\u00eb operacionet e tij sipas nevojave, p\u00eblqimeve dhe mosp\u00eblqimeve tuaja duke mbledhur dhe mbajtur mend informacione rreth preferencave tuaja. Ne p\u00ebrdorim skedar\u00ebt e regjistrit t\u00eb trafikut p\u00ebr t\u00eb identifikuar se cilat faqe jan\u00eb duke u p\u00ebrdorur. Kjo na ndihmon t\u00eb analizojm\u00eb t\u00eb dh\u00ebnat n\u00eb lidhje me trafikun e faqeve t\u00eb internetit dhe t\u00eb p\u00ebrmir\u00ebsojm\u00eb faqen ton\u00eb t\u00eb internetit p\u00ebr ta p\u00ebrshtatur at\u00eb me nevojat e klient\u00ebve. Ne e p\u00ebrdorim k\u00ebt\u00eb informacion vet\u00ebm p\u00ebr q\u00ebllime t\u00eb analiz\u00ebs statistikore dhe m\u00eb pas t\u00eb dh\u00ebnat hiqen nga sistemi. N\u00eb p\u00ebrgjith\u00ebsi, cookies na ndihmojn\u00eb t\u00eb p\u00ebrmir\u00ebsojm\u00eb p\u00ebrvoj\u00ebn tuaj n\u00eb faqen ton\u00eb t\u00eb internetit, duke na mund\u00ebsuar t\u00eb monitorojm\u00eb se cilat faqe ju duken t\u00eb dobishme dhe cilat jo. Nj\u00eb cookie n\u00eb asnj\u00eb m\u00ebnyr\u00eb nuk na jep akses n\u00eb kompjuterin tuaj ose ndonj\u00eb informacion rreth jush, p\u00ebrve\u00e7 t\u00eb dh\u00ebnave q\u00eb zgjidhni t\u00eb ndani me ne. Kompania jon\u00eb i p\u00ebrdor k\u00ebto cookie n\u00eb m\u00ebnyr\u00eb q\u00eb ne t&#039;ju njohim n\u00eb faqen e internetit dhe t\u00eb kujtojm\u00eb preferencat tuaja t\u00eb zgjedhura m\u00eb par\u00eb. Kjo mund t\u00eb p\u00ebrfshij\u00eb gjuh\u00ebn q\u00eb preferoni dhe vendndodhjen n\u00eb t\u00eb cil\u00ebn jeni. Gjithashtu, ne i p\u00ebrdorim k\u00ebto kuki p\u00ebr t\u00eb mbledhur informacion n\u00eb lidhje me vizit\u00ebn tuaj n\u00eb faqen ton\u00eb t\u00eb internetit dhe p\u00ebrmbajtjen q\u00eb keni par\u00eb. Ne mund t\u00eb mbledhim informacionin e m\u00ebposht\u00ebm: emrin dhe mbiemrin, informacionin e kontaktit duke p\u00ebrfshir\u00eb adres\u00ebn e emailit, numrat e telefonit, informacionin demografik si shteti, rajoni, qyteti, adresa e sht\u00ebpis\u00eb, kodi postar, preferencat dhe interesat, informacione t\u00eb tjera t\u00eb r\u00ebnd\u00ebsishme p\u00ebr anketat dhe\/ose ofertat e klient\u00ebve.<\/p>\t\t\t\t\t\t\t\t<\/div>\n\t\t\t\t\t<\/div>\n\t\t\t\t<\/div>\n\t\t<div class=\"elementor-element elementor-element-f4718fd e-flex e-con-boxed e-con e-parent\" data-id=\"f4718fd\" data-element_type=\"container\" data-e-type=\"container\">\n\t\t\t\t\t<div class=\"e-con-inner\">\n\t\t\t\t<div class=\"elementor-element elementor-element-b0212d0 elementor-widget elementor-widget-houzez_elementor_space\" data-id=\"b0212d0\" data-element_type=\"widget\" data-e-type=\"widget\" data-widget_type=\"houzez_elementor_space.default\">\n\t\t\t\t<div class=\"elementor-widget-container\">\n\t\t\t\t\t        <div class=\"houzez-spacer\">\n            <div class=\"houzez-spacer-inner\"><\/div>\n        <\/div>\n        \t\t\t\t<\/div>\n\t\t\t\t<\/div>\n\t\t\t\t\t<\/div>\n\t\t\t\t<\/div>\n\t\t\t\t<\/div>","protected":false},"excerpt":{"rendered":"<p>Terms &#038; Conditions AI Deluxe Homes S.hP.k. Ruga Ismail Qemali, Pallati 34, Hyrja Nr. 8 Tirana, Republic of Albania \u00a0 General Terms &amp; Conditions These general terms and conditions govern all the relations between the company AI Deluxe Homes S.hP.k., registered with the National Registration Center, with the identification number NUIS M114230190, with legal seat [&hellip;]<\/p>\n","protected":false},"author":1,"featured_media":17471,"parent":0,"menu_order":0,"comment_status":"closed","ping_status":"closed","template":"template\/template-homepage.php","meta":{"footnotes":""},"class_list":["post-17214","page","type-page","status-publish","has-post-thumbnail","hentry"],"yoast_head":"<!-- This site is optimized with the Yoast SEO plugin v27.5 - https:\/\/yoast.com\/product\/yoast-seo-wordpress\/ -->\n<title>Terms &amp; Conditions - AI Deluxe<\/title>\n<meta name=\"description\" content=\"Whether you\u2019re looking to find your dream home or invest in lucrative properties, our experienced team is here to assist you every step of the way.\" \/>\n<meta name=\"robots\" content=\"index, follow, max-snippet:-1, max-image-preview:large, max-video-preview:-1\" \/>\n<link rel=\"canonical\" href=\"https:\/\/ai-deluxe.homes\/sq\/kushtet\/\" \/>\n<meta property=\"og:locale\" content=\"sq_AL\" \/>\n<meta property=\"og:type\" content=\"article\" \/>\n<meta property=\"og:title\" content=\"Terms &amp; Conditions - AI Deluxe\" \/>\n<meta property=\"og:description\" content=\"Whether you\u2019re looking to find your dream home or invest in lucrative properties, our experienced team is here to assist you every step of the way.\" \/>\n<meta property=\"og:url\" content=\"https:\/\/ai-deluxe.homes\/sq\/kushtet\/\" \/>\n<meta property=\"og:site_name\" content=\"AI Deluxe\" \/>\n<meta property=\"article:modified_time\" content=\"2025-02-26T18:58:13+00:00\" \/>\n<meta property=\"og:image\" content=\"https:\/\/ai-deluxe.homes\/wp-content\/uploads\/2024\/12\/a4.jpg\" \/>\n\t<meta property=\"og:image:width\" content=\"500\" \/>\n\t<meta property=\"og:image:height\" content=\"500\" \/>\n\t<meta property=\"og:image:type\" content=\"image\/jpeg\" \/>\n<meta name=\"twitter:card\" content=\"summary_large_image\" \/>\n<meta name=\"twitter:label1\" content=\"Est. reading time\" \/>\n\t<meta name=\"twitter:data1\" content=\"6 minuta\" \/>\n<script type=\"application\/ld+json\" class=\"yoast-schema-graph\">{\"@context\":\"https:\\\/\\\/schema.org\",\"@graph\":[{\"@type\":\"WebPage\",\"@id\":\"https:\\\/\\\/ai-deluxe.homes\\\/terms\\\/\",\"url\":\"https:\\\/\\\/ai-deluxe.homes\\\/terms\\\/\",\"name\":\"Terms & Conditions - AI Deluxe\",\"isPartOf\":{\"@id\":\"https:\\\/\\\/ai-deluxe.homes\\\/#website\"},\"primaryImageOfPage\":{\"@id\":\"https:\\\/\\\/ai-deluxe.homes\\\/terms\\\/#primaryimage\"},\"image\":{\"@id\":\"https:\\\/\\\/ai-deluxe.homes\\\/terms\\\/#primaryimage\"},\"thumbnailUrl\":\"https:\\\/\\\/ai-deluxe.homes\\\/wp-content\\\/uploads\\\/2024\\\/12\\\/a4.jpg\",\"datePublished\":\"2024-12-11T22:01:00+00:00\",\"dateModified\":\"2025-02-26T18:58:13+00:00\",\"description\":\"Whether you\u2019re looking to find your dream home or invest in lucrative properties, our experienced team is here to assist you every step of the way.\",\"breadcrumb\":{\"@id\":\"https:\\\/\\\/ai-deluxe.homes\\\/terms\\\/#breadcrumb\"},\"inLanguage\":\"sq\",\"potentialAction\":[{\"@type\":\"ReadAction\",\"target\":[\"https:\\\/\\\/ai-deluxe.homes\\\/terms\\\/\"]}]},{\"@type\":\"ImageObject\",\"inLanguage\":\"sq\",\"@id\":\"https:\\\/\\\/ai-deluxe.homes\\\/terms\\\/#primaryimage\",\"url\":\"https:\\\/\\\/ai-deluxe.homes\\\/wp-content\\\/uploads\\\/2024\\\/12\\\/a4.jpg\",\"contentUrl\":\"https:\\\/\\\/ai-deluxe.homes\\\/wp-content\\\/uploads\\\/2024\\\/12\\\/a4.jpg\",\"width\":500,\"height\":500},{\"@type\":\"BreadcrumbList\",\"@id\":\"https:\\\/\\\/ai-deluxe.homes\\\/terms\\\/#breadcrumb\",\"itemListElement\":[{\"@type\":\"ListItem\",\"position\":1,\"name\":\"Home\",\"item\":\"https:\\\/\\\/ai-deluxe.homes\\\/\"},{\"@type\":\"ListItem\",\"position\":2,\"name\":\"Terms &#038; Conditions\"}]},{\"@type\":\"WebSite\",\"@id\":\"https:\\\/\\\/ai-deluxe.homes\\\/#website\",\"url\":\"https:\\\/\\\/ai-deluxe.homes\\\/\",\"name\":\"AI Deluxe\",\"description\":\"\",\"publisher\":{\"@id\":\"https:\\\/\\\/ai-deluxe.homes\\\/#organization\"},\"potentialAction\":[{\"@type\":\"SearchAction\",\"target\":{\"@type\":\"EntryPoint\",\"urlTemplate\":\"https:\\\/\\\/ai-deluxe.homes\\\/?s={search_term_string}\"},\"query-input\":{\"@type\":\"PropertyValueSpecification\",\"valueRequired\":true,\"valueName\":\"search_term_string\"}}],\"inLanguage\":\"sq\"},{\"@type\":\"Organization\",\"@id\":\"https:\\\/\\\/ai-deluxe.homes\\\/#organization\",\"name\":\"AI Deluxe\",\"url\":\"https:\\\/\\\/ai-deluxe.homes\\\/\",\"logo\":{\"@type\":\"ImageObject\",\"inLanguage\":\"sq\",\"@id\":\"https:\\\/\\\/ai-deluxe.homes\\\/#\\\/schema\\\/logo\\\/image\\\/\",\"url\":\"https:\\\/\\\/ai-deluxe.homes\\\/wp-content\\\/uploads\\\/2024\\\/12\\\/llogo-shkrimx7.png\",\"contentUrl\":\"https:\\\/\\\/ai-deluxe.homes\\\/wp-content\\\/uploads\\\/2024\\\/12\\\/llogo-shkrimx7.png\",\"width\":889,\"height\":168,\"caption\":\"AI Deluxe\"},\"image\":{\"@id\":\"https:\\\/\\\/ai-deluxe.homes\\\/#\\\/schema\\\/logo\\\/image\\\/\"},\"sameAs\":[\"https:\\\/\\\/www.instagram.com\\\/aideluxe.homes\"]}]}<\/script>\n<!-- \/ Yoast SEO plugin. -->","yoast_head_json":{"title":"Termat &amp; Kushtet - AI Deluxe","description":"N\u00ebse jeni duke k\u00ebrkuar t\u00eb gjeni sht\u00ebpin\u00eb tuaj t\u00eb \u00ebndrrave ose t\u00eb investoni n\u00eb prona fitimprur\u00ebse, ekipi yn\u00eb me p\u00ebrvoj\u00eb \u00ebsht\u00eb k\u00ebtu p\u00ebr t&#039;ju ndihmuar n\u00eb \u00e7do hap t\u00eb rrug\u00ebs.","robots":{"index":"index","follow":"follow","max-snippet":"max-snippet:-1","max-image-preview":"max-image-preview:large","max-video-preview":"max-video-preview:-1"},"canonical":"https:\/\/ai-deluxe.homes\/sq\/kushtet\/","og_locale":"sq_AL","og_type":"article","og_title":"Terms & Conditions - AI Deluxe","og_description":"Whether you\u2019re looking to find your dream home or invest in lucrative properties, our experienced team is here to assist you every step of the way.","og_url":"https:\/\/ai-deluxe.homes\/sq\/kushtet\/","og_site_name":"AI Deluxe","article_modified_time":"2025-02-26T18:58:13+00:00","og_image":[{"width":500,"height":500,"url":"https:\/\/ai-deluxe.homes\/wp-content\/uploads\/2024\/12\/a4.jpg","type":"image\/jpeg"}],"twitter_card":"summary_large_image","twitter_misc":{"Est. reading time":"6 minuta"},"schema":{"@context":"https:\/\/schema.org","@graph":[{"@type":"WebPage","@id":"https:\/\/ai-deluxe.homes\/terms\/","url":"https:\/\/ai-deluxe.homes\/terms\/","name":"Termat &amp; Kushtet - AI Deluxe","isPartOf":{"@id":"https:\/\/ai-deluxe.homes\/#website"},"primaryImageOfPage":{"@id":"https:\/\/ai-deluxe.homes\/terms\/#primaryimage"},"image":{"@id":"https:\/\/ai-deluxe.homes\/terms\/#primaryimage"},"thumbnailUrl":"https:\/\/ai-deluxe.homes\/wp-content\/uploads\/2024\/12\/a4.jpg","datePublished":"2024-12-11T22:01:00+00:00","dateModified":"2025-02-26T18:58:13+00:00","description":"N\u00ebse jeni duke k\u00ebrkuar t\u00eb gjeni sht\u00ebpin\u00eb tuaj t\u00eb \u00ebndrrave ose t\u00eb investoni n\u00eb prona fitimprur\u00ebse, ekipi yn\u00eb me p\u00ebrvoj\u00eb \u00ebsht\u00eb k\u00ebtu p\u00ebr t&#039;ju ndihmuar n\u00eb \u00e7do hap t\u00eb rrug\u00ebs.","breadcrumb":{"@id":"https:\/\/ai-deluxe.homes\/terms\/#breadcrumb"},"inLanguage":"sq","potentialAction":[{"@type":"ReadAction","target":["https:\/\/ai-deluxe.homes\/terms\/"]}]},{"@type":"ImageObject","inLanguage":"sq","@id":"https:\/\/ai-deluxe.homes\/terms\/#primaryimage","url":"https:\/\/ai-deluxe.homes\/wp-content\/uploads\/2024\/12\/a4.jpg","contentUrl":"https:\/\/ai-deluxe.homes\/wp-content\/uploads\/2024\/12\/a4.jpg","width":500,"height":500},{"@type":"BreadcrumbList","@id":"https:\/\/ai-deluxe.homes\/terms\/#breadcrumb","itemListElement":[{"@type":"ListItem","position":1,"name":"Home","item":"https:\/\/ai-deluxe.homes\/"},{"@type":"ListItem","position":2,"name":"Terms &#038; Conditions"}]},{"@type":"WebSite","@id":"https:\/\/ai-deluxe.homes\/#website","url":"https:\/\/ai-deluxe.homes\/","name":"AI Deluxe","description":"","publisher":{"@id":"https:\/\/ai-deluxe.homes\/#organization"},"potentialAction":[{"@type":"SearchAction","target":{"@type":"EntryPoint","urlTemplate":"https:\/\/ai-deluxe.homes\/?s={search_term_string}"},"query-input":{"@type":"PropertyValueSpecification","valueRequired":true,"valueName":"search_term_string"}}],"inLanguage":"sq"},{"@type":"Organization","@id":"https:\/\/ai-deluxe.homes\/#organization","name":"AI Deluxe","url":"https:\/\/ai-deluxe.homes\/","logo":{"@type":"ImageObject","inLanguage":"sq","@id":"https:\/\/ai-deluxe.homes\/#\/schema\/logo\/image\/","url":"https:\/\/ai-deluxe.homes\/wp-content\/uploads\/2024\/12\/llogo-shkrimx7.png","contentUrl":"https:\/\/ai-deluxe.homes\/wp-content\/uploads\/2024\/12\/llogo-shkrimx7.png","width":889,"height":168,"caption":"AI Deluxe"},"image":{"@id":"https:\/\/ai-deluxe.homes\/#\/schema\/logo\/image\/"},"sameAs":["https:\/\/www.instagram.com\/aideluxe.homes"]}]}},"_links":{"self":[{"href":"https:\/\/ai-deluxe.homes\/sq\/wp-json\/wp\/v2\/pages\/17214","targetHints":{"allow":["GET"]}}],"collection":[{"href":"https:\/\/ai-deluxe.homes\/sq\/wp-json\/wp\/v2\/pages"}],"about":[{"href":"https:\/\/ai-deluxe.homes\/sq\/wp-json\/wp\/v2\/types\/page"}],"author":[{"embeddable":true,"href":"https:\/\/ai-deluxe.homes\/sq\/wp-json\/wp\/v2\/users\/1"}],"replies":[{"embeddable":true,"href":"https:\/\/ai-deluxe.homes\/sq\/wp-json\/wp\/v2\/comments?post=17214"}],"version-history":[{"count":23,"href":"https:\/\/ai-deluxe.homes\/sq\/wp-json\/wp\/v2\/pages\/17214\/revisions"}],"predecessor-version":[{"id":18162,"href":"https:\/\/ai-deluxe.homes\/sq\/wp-json\/wp\/v2\/pages\/17214\/revisions\/18162"}],"wp:featuredmedia":[{"embeddable":true,"href":"https:\/\/ai-deluxe.homes\/sq\/wp-json\/wp\/v2\/media\/17471"}],"wp:attachment":[{"href":"https:\/\/ai-deluxe.homes\/sq\/wp-json\/wp\/v2\/media?parent=17214"}],"curies":[{"name":"wp","href":"https:\/\/api.w.org\/{rel}","templated":true}]}}